{"id":2311,"date":"2024-07-13T08:42:15","date_gmt":"2024-07-13T06:42:15","guid":{"rendered":"https:\/\/hundsdorfer.at\/?post_type=product&#038;p=2311"},"modified":"2026-01-26T16:04:53","modified_gmt":"2026-01-26T15:04:53","slug":"blaufraenkisch-rose","status":"publish","type":"product","link":"https:\/\/hundsdorfer.at\/en\/product\/blaufraenkisch-rose\/","title":{"rendered":"Blaufr\u00e4nkisch Ros\u00e9 2025"},"content":{"rendered":"","protected":false},"excerpt":{"rendered":"<p>Ros\u00e9 Blaufr\u00e4nkisch, Sommergetr\u00e4nk, frisch fruchtig.<\/p>","protected":false},"featured_media":2309,"comment_status":"open","ping_status":"closed","template":"","meta":[],"product_brand":[],"product_cat":[20,18],"product_tag":[],"class_list":{"0":"post-2311","1":"product","2":"type-product","3":"status-publish","4":"has-post-thumbnail","6":"product_cat-rotwein","7":"product_cat-weisswein","9":"first","10":"instock","11":"taxable","12":"shipping-taxable","13":"purchasable","14":"product-type-simple"},"_links":{"self":[{"href":"https:\/\/hundsdorfer.at\/en\/wp-json\/wp\/v2\/product\/2311","targetHints":{"allow":["GET"]}}],"collection":[{"href":"https:\/\/hundsdorfer.at\/en\/wp-json\/wp\/v2\/product"}],"about":[{"href":"https:\/\/hundsdorfer.at\/en\/wp-json\/wp\/v2\/types\/product"}],"replies":[{"embeddable":true,"href":"https:\/\/hundsdorfer.at\/en\/wp-json\/wp\/v2\/comments?post=2311"}],"wp:featuredmedia":[{"embeddable":true,"href":"https:\/\/hundsdorfer.at\/en\/wp-json\/wp\/v2\/media\/2309"}],"wp:attachment":[{"href":"https:\/\/hundsdorfer.at\/en\/wp-json\/wp\/v2\/media?parent=2311"}],"wp:term":[{"taxonomy":"product_brand","embeddable":true,"href":"https:\/\/hundsdorfer.at\/en\/wp-json\/wp\/v2\/product_brand?post=2311"},{"taxonomy":"product_cat","embeddable":true,"href":"https:\/\/hundsdorfer.at\/en\/wp-json\/wp\/v2\/product_cat?post=2311"},{"taxonomy":"product_tag","embeddable":true,"href":"https:\/\/hundsdorfer.at\/en\/wp-json\/wp\/v2\/product_tag?post=2311"}],"curies":[{"name":"wp","href":"https:\/\/api.w.org\/{rel}","templated":true}]}}