{"id":492,"date":"2020-10-19T18:04:54","date_gmt":"2020-10-19T16:04:54","guid":{"rendered":"https:\/\/weingut-hundsdorfer.com\/zahlungsweisen\/"},"modified":"2023-10-17T09:29:08","modified_gmt":"2023-10-17T07:29:08","slug":"zahlungsweisen","status":"publish","type":"page","link":"https:\/\/hundsdorfer.at\/en\/zahlungsweisen\/","title":{"rendered":"Payment"},"content":{"rendered":"<div data-elementor-type=\"wp-page\" data-elementor-id=\"492\" class=\"elementor elementor-492\" data-elementor-post-type=\"page\">\n\t\t\t\t<div class=\"elementor-element elementor-element-ca76b91 e-flex e-con-boxed e-con e-parent\" data-id=\"ca76b91\" data-element_type=\"container\" data-e-type=\"container\">\n\t\t\t\t\t<div class=\"e-con-inner\">\n\t\t\t\t<div class=\"elementor-element elementor-element-fcc7fd2 elementor-widget elementor-widget-text-editor\" data-id=\"fcc7fd2\" data-element_type=\"widget\" data-e-type=\"widget\" data-widget_type=\"text-editor.default\">\n\t\t\t\t<div class=\"elementor-widget-container\">\n\t\t\t\t\t\t\t\t\t<p><strong>Payment Methods<\/strong><\/p><p>We offer the following payment methods. Simply choose the payment method that suits you best. The prices quoted in the respective offers represent final prices. They include all price components including any taxes that may be incurred, such as VAT. You may only have to pay additional taxes (e.g. in the case of an intra-community acquisition) and \/ or duties (e.g. customs duties) in individual cases in the case of cross-border deliveries, but not to the seller, but to the customs or tax authorities responsible there. The delivery and shipping costs incurred are not included in the purchase price; they can be called up on the \"Shipping costs\" page, are shown separately in the course of the ordering process and are to be borne by you in addition.<\/p><p><strong><em>Credit Card<\/em><\/strong><\/p><p>Pay easily by credit card.<\/p><p><strong><em>PayPal<\/em><\/strong><\/p><p>Pay even faster and more securely with your PayPal account.<\/p><p><strong><em>SOFORT &amp; EPS<\/em><\/strong><\/p><p>Direkte Bezahlung \u00fcber SOFORT oder EPS.<\/p>\t\t\t\t\t\t\t\t<\/div>\n\t\t\t\t<\/div>\n\t\t\t\t\t<\/div>\n\t\t\t\t<\/div>\n\t\t\t\t<\/div>","protected":false},"excerpt":{"rendered":"<p>Zahlungsarten Wir bieten Ihnen folgende Zahlungsarten an. Suchen Sie sich einfach die f\u00fcr Sie optimale Zahlart aus. Die in den jeweiligen Angeboten angef\u00fchrten Preise stellen Endpreise dar. Sie beinhalten alle Preisbestandteile einschlie\u00dflich etwaig anfallender Steuern wie Mehrwertsteuer. Nur bei grenz\u00fcberschreitender Lieferung k\u00f6nnen im Einzelfall weitere Steuern (z.B. im Falle eines innergemeinschaftlichen Erwerbs) und\/oder Abgaben (z.B. [&hellip;]<\/p>\n","protected":false},"author":1,"featured_media":0,"parent":0,"menu_order":0,"comment_status":"closed","ping_status":"closed","template":"","meta":{"footnotes":""},"class_list":["post-492","page","type-page","status-publish","hentry"],"_links":{"self":[{"href":"https:\/\/hundsdorfer.at\/en\/wp-json\/wp\/v2\/pages\/492","targetHints":{"allow":["GET"]}}],"collection":[{"href":"https:\/\/hundsdorfer.at\/en\/wp-json\/wp\/v2\/pages"}],"about":[{"href":"https:\/\/hundsdorfer.at\/en\/wp-json\/wp\/v2\/types\/page"}],"author":[{"embeddable":true,"href":"https:\/\/hundsdorfer.at\/en\/wp-json\/wp\/v2\/users\/1"}],"replies":[{"embeddable":true,"href":"https:\/\/hundsdorfer.at\/en\/wp-json\/wp\/v2\/comments?post=492"}],"version-history":[{"count":6,"href":"https:\/\/hundsdorfer.at\/en\/wp-json\/wp\/v2\/pages\/492\/revisions"}],"predecessor-version":[{"id":2022,"href":"https:\/\/hundsdorfer.at\/en\/wp-json\/wp\/v2\/pages\/492\/revisions\/2022"}],"wp:attachment":[{"href":"https:\/\/hundsdorfer.at\/en\/wp-json\/wp\/v2\/media?parent=492"}],"curies":[{"name":"wp","href":"https:\/\/api.w.org\/{rel}","templated":true}]}}