{"id":488,"date":"2020-10-19T18:04:54","date_gmt":"2020-10-19T16:04:54","guid":{"rendered":"https:\/\/weingut-hundsdorfer.com\/versand__lieferung\/"},"modified":"2023-06-05T15:08:04","modified_gmt":"2023-06-05T13:08:04","slug":"versand__lieferung","status":"publish","type":"page","link":"https:\/\/hundsdorfer.at\/en\/versand__lieferung\/","title":{"rendered":"Shipping"},"content":{"rendered":"<div data-elementor-type=\"wp-page\" data-elementor-id=\"488\" class=\"elementor elementor-488\" data-elementor-post-type=\"page\">\n\t\t\t\t<div class=\"elementor-element elementor-element-825e6b2 e-flex e-con-boxed e-con e-parent\" data-id=\"825e6b2\" data-element_type=\"container\" data-e-type=\"container\">\n\t\t\t\t\t<div class=\"e-con-inner\">\n\t\t\t\t<div class=\"elementor-element elementor-element-58d7adf elementor-widget elementor-widget-text-editor\" data-id=\"58d7adf\" data-element_type=\"widget\" data-e-type=\"widget\" data-widget_type=\"text-editor.default\">\n\t\t\t\t<div class=\"elementor-widget-container\">\n\t\t\t\t\t\t\t\t\t<p><strong>Prices, shipping costs and delivery information<\/strong><\/p><p>The prices quoted on the product pages include VAT and other price components.<\/p><p>We only deliver within Germany and Austria.<br \/>For orders to other countries, please contact us at:<br \/>info@hundsdorfer.at<br \/>Tel.: +43 2610 42034<\/p><p><strong>Free shipping from a purchase value of \u20ac 150 to Austria or \u20ac 200 to Germany!<\/strong><\/p><p>For orders below \u20ac 150 (Austria) or \u20ac 200 (Germany), additional shipping costs apply. We calculate the delivery per box as follows:<\/p><table><tbody><tr><th style=\"text-align: left;\">Country<\/th><th style=\"text-align: left;\">Box<\/th><th style=\"text-align: right;\">Costs<\/th><th style=\"text-align: right;\">Delivery Time<\/th><\/tr><tr><td>Austria<\/td><td>per box of 6<\/td><td align=\"right\">\u20ac 5,-<\/td><td align=\"right\">1-2 working days<\/td><\/tr><tr><td>Austria<\/td><td>per box of 12<\/td><td align=\"right\">\u20ac 8,-<\/td><td align=\"right\">1-2 working days<\/td><\/tr><tr><td>Germany<\/td><td>per box of 6<\/td><td align=\"right\">\u20ac 10,-<\/td><td align=\"right\">2-5 working days<\/td><\/tr><tr><td>Germany<\/td><td>per box of 12<\/td><td align=\"right\">\u20ac 12,-<\/td><td align=\"right\">2-5 working days<\/td><\/tr><\/tbody><\/table><p>Out shipping company is DPD.<\/p><p>The shipping costs result from the gross prices listed in the table. The shipping costs include the statutory value added tax. Since the value added tax is calculated on the shipping costs depending on the purchased goods, the portion of the value added tax is only finally stated during the ordering process.<\/p><p>The shipping costs are clearly communicated to you in the shopping cart system and on the order page.<\/p><p><strong>Save shipping and order bottles in steps of 6 to use the boxes to the full!<\/strong><\/p><p>There are no shipping costs for digital content.<\/p>\t\t\t\t\t\t\t\t<\/div>\n\t\t\t\t<\/div>\n\t\t\t\t\t<\/div>\n\t\t\t\t<\/div>\n\t\t\t\t<\/div>","protected":false},"excerpt":{"rendered":"<p>Preise, Versandkosten und Lieferinformationen Die auf den Produktseiten genannten Preise enthalten die gesetzliche Mehrwertsteuer und sonstige Preisbestandteile. Wir liefern nur innerhalb Deutschlands und \u00d6sterreichs.F\u00fcr Bestellungen in andere L\u00e4nder kontaktieren Sie uns bitte unter:info@hundsdorfer.atTel.: +43 2610 42034 Gratis Versand ab einem Einkaufswert von \u20ac 150,- nach \u00d6sterreich bzw. \u20ac 200,- nach Deutschland! Bei Bestellungen unter \u20ac [&hellip;]<\/p>\n","protected":false},"author":1,"featured_media":0,"parent":0,"menu_order":0,"comment_status":"closed","ping_status":"closed","template":"","meta":{"footnotes":""},"class_list":["post-488","page","type-page","status-publish","hentry"],"_links":{"self":[{"href":"https:\/\/hundsdorfer.at\/en\/wp-json\/wp\/v2\/pages\/488","targetHints":{"allow":["GET"]}}],"collection":[{"href":"https:\/\/hundsdorfer.at\/en\/wp-json\/wp\/v2\/pages"}],"about":[{"href":"https:\/\/hundsdorfer.at\/en\/wp-json\/wp\/v2\/types\/page"}],"author":[{"embeddable":true,"href":"https:\/\/hundsdorfer.at\/en\/wp-json\/wp\/v2\/users\/1"}],"replies":[{"embeddable":true,"href":"https:\/\/hundsdorfer.at\/en\/wp-json\/wp\/v2\/comments?post=488"}],"version-history":[{"count":3,"href":"https:\/\/hundsdorfer.at\/en\/wp-json\/wp\/v2\/pages\/488\/revisions"}],"predecessor-version":[{"id":1435,"href":"https:\/\/hundsdorfer.at\/en\/wp-json\/wp\/v2\/pages\/488\/revisions\/1435"}],"wp:attachment":[{"href":"https:\/\/hundsdorfer.at\/en\/wp-json\/wp\/v2\/media?parent=488"}],"curies":[{"name":"wp","href":"https:\/\/api.w.org\/{rel}","templated":true}]}}