{"id":17,"date":"2020-09-15T11:37:31","date_gmt":"2020-09-15T09:37:31","guid":{"rendered":"http:\/\/weingut-hundsdorfer.com\/?page_id=17"},"modified":"2024-10-04T10:27:34","modified_gmt":"2024-10-04T08:27:34","slug":"erfolge","status":"publish","type":"page","link":"https:\/\/hundsdorfer.at\/en\/erfolge\/","title":{"rendered":"Awards"},"content":{"rendered":"\t\t<div data-elementor-type=\"wp-page\" data-elementor-id=\"17\" class=\"elementor elementor-17\" data-elementor-post-type=\"page\">\n\t\t\t\t<div class=\"elementor-element elementor-element-02ebe30 hundsdorfer-titel e-flex e-con-boxed e-con e-parent\" data-id=\"02ebe30\" data-element_type=\"container\" data-e-type=\"container\" data-settings=\"{&quot;background_background&quot;:&quot;classic&quot;,&quot;background_motion_fx_motion_fx_scrolling&quot;:&quot;yes&quot;,&quot;background_motion_fx_scale_effect&quot;:&quot;yes&quot;,&quot;background_motion_fx_scale_speed&quot;:{&quot;unit&quot;:&quot;px&quot;,&quot;size&quot;:2,&quot;sizes&quot;:[]},&quot;background_motion_fx_scale_direction&quot;:&quot;out-in&quot;,&quot;background_motion_fx_scale_range&quot;:{&quot;unit&quot;:&quot;%&quot;,&quot;size&quot;:&quot;&quot;,&quot;sizes&quot;:{&quot;start&quot;:20,&quot;end&quot;:80}},&quot;background_motion_fx_devices&quot;:[&quot;desktop&quot;,&quot;tablet&quot;,&quot;mobile&quot;]}\">\n\t\t\t\t\t<div class=\"e-con-inner\">\n\t\t\t\t<div class=\"elementor-element elementor-element-fe62975 elementor-invisible elementor-widget elementor-widget-heading\" data-id=\"fe62975\" data-element_type=\"widget\" data-e-type=\"widget\" data-settings=\"{&quot;_animation&quot;:&quot;fadeInUp&quot;}\" data-widget_type=\"heading.default\">\n\t\t\t\t<div class=\"elementor-widget-container\">\n\t\t\t\t\t<h1 class=\"elementor-heading-title elementor-size-default\">Erfolge<\/h1>\t\t\t\t<\/div>\n\t\t\t\t<\/div>\n\t\t\t\t\t<\/div>\n\t\t\t\t<\/div>\n\t\t<div class=\"elementor-element elementor-element-7cdcaed e-flex e-con-boxed e-con e-parent\" data-id=\"7cdcaed\" data-element_type=\"container\" data-e-type=\"container\" data-settings=\"{&quot;background_background&quot;:&quot;classic&quot;}\">\n\t\t\t\t\t<div class=\"e-con-inner\">\n\t\t\t\t<div class=\"elementor-element elementor-element-12f11d0 elementor-widget elementor-widget-spacer\" data-id=\"12f11d0\" data-element_type=\"widget\" data-e-type=\"widget\" data-widget_type=\"spacer.default\">\n\t\t\t\t<div class=\"elementor-widget-container\">\n\t\t\t\t\t\t\t<div class=\"elementor-spacer\">\n\t\t\t<div class=\"elementor-spacer-inner\"><\/div>\n\t\t<\/div>\n\t\t\t\t\t\t<\/div>\n\t\t\t\t<\/div>\n\t\t\t\t<div class=\"elementor-element elementor-element-c6a9272 elementor-widget elementor-widget-jet-timeline\" data-id=\"c6a9272\" data-element_type=\"widget\" data-e-type=\"widget\" data-widget_type=\"jet-timeline.default\">\n\t\t\t\t<div class=\"elementor-widget-container\">\n\t\t\t\t\t<div class=\"elementor-jet-timeline jet-elements\"><div class=\"jet-timeline jet-timeline--align-center jet-timeline--align-middle\">\n\t<div class=\"jet-timeline__line\"><div class=\"jet-timeline__line-progress\"><\/div><\/div>\n\t<div class=\"jet-timeline-list\"><div class=\"jet-timeline-item  elementor-repeater-item-ebc5b02 jet-timeline-item--image-inside\">\n\t<div class=\"timeline-item__card\">\n\t\t<div class=\"timeline-item__card-inner\">\n\t\t\t\t\t\t\t\t<div class=\"timeline-item__card-content\">\n\t\t\t\t\t<div class=\"timeline-item__meta\"><div class=\"timeline-item__meta-content\">2024<\/div><\/div><div class=\"timeline-item__card-desc\">SALON Sieger mit Blaufr\u00e4nkisch DAC Reserve 2020<br>\nSALON \u00d6sterreichischer Wein mit Cuv\u00e9e CANIS Reserve 2020<\/div>\t\t\t\t<\/div>\n\t\t\t\t\t\t<\/div>\n\t\t<div class=\"timeline-item__card-arrow\"><\/div>\n\t<\/div>\n\t<div class=\"timeline-item__point\"><div class=\"timeline-item__point-content timeline-item__point-content--icon\"><span class=\"jet-elements-icon\"><i aria-hidden=\"true\" class=\"fas fa-calendar-alt\"><\/i><\/span><\/div><\/div><div class=\"timeline-item__meta\"><div class=\"timeline-item__meta-content\">2024<\/div><\/div><\/div><div class=\"jet-timeline-item  elementor-repeater-item-0ef6464 jet-timeline-item--image-inside\">\n\t<div class=\"timeline-item__card\">\n\t\t<div class=\"timeline-item__card-inner\">\n\t\t\t\t\t\t\t\t<div class=\"timeline-item__card-content\">\n\t\t\t\t\t<div class=\"timeline-item__meta\"><div class=\"timeline-item__meta-content\">2023<\/div><\/div><div class=\"timeline-item__card-desc\">2. Platz Vaihinger L\u00f6we mit Blaufr\u00e4nkisch DAC Reserve 2019<br>\n-<br>\nFinalist Burgenl\u00e4ndische Landespr\u00e4mierung mit Syrah Reserve 2020<br>\n-<br>\n<b>Falstaff<\/b><br>\nBlaufr\u00e4nkisch DAC Reserve 2020: 93 Punkte<br>\nSyrah Reserve 2020: 93 Punkte<br>\nCabernet Sauvignon Reserve 2020: 93 Punkte<br>\nMerlot Reserve 2020: 93 Punkte<br>\nSt. Laurent Reserve 2020: 92 Punkte<br>\nZweigelt Reserve 2020: 91 Punkte<br><\/div>\t\t\t\t<\/div>\n\t\t\t\t\t\t<\/div>\n\t\t<div class=\"timeline-item__card-arrow\"><\/div>\n\t<\/div>\n\t<div class=\"timeline-item__point\"><div class=\"timeline-item__point-content timeline-item__point-content--icon\"><span class=\"jet-elements-icon\"><i aria-hidden=\"true\" class=\"fas fa-calendar-alt\"><\/i><\/span><\/div><\/div><div class=\"timeline-item__meta\"><div class=\"timeline-item__meta-content\">2023<\/div><\/div><\/div><div class=\"jet-timeline-item  elementor-repeater-item-08e004d jet-timeline-item--image-inside\">\n\t<div class=\"timeline-item__card\">\n\t\t<div class=\"timeline-item__card-inner\">\n\t\t\t\t\t\t\t\t<div class=\"timeline-item__card-content\">\n\t\t\t\t\t<div class=\"timeline-item__meta\"><div class=\"timeline-item__meta-content\">2022<\/div><\/div><div class=\"timeline-item__card-desc\">SALON \u00d6sterreichischer Wein mit Zweigelt Classic 2019<br>\n-<br>\n5 Sterne TOP-Wein beim Vinaria Weinguide mit Syrah Reserve 2019<br>\n-<br>\n<b>Falstaff<\/b><br>\nZweigelt - Reifepr\u00fcfung:<br>\n94 Punkte mit Zweigelt Reserve 2012<br>\n93 Punkte mit Zweigelt Reserve 2015<br><\/div>\t\t\t\t<\/div>\n\t\t\t\t\t\t<\/div>\n\t\t<div class=\"timeline-item__card-arrow\"><\/div>\n\t<\/div>\n\t<div class=\"timeline-item__point\"><div class=\"timeline-item__point-content timeline-item__point-content--icon\"><span class=\"jet-elements-icon\"><i aria-hidden=\"true\" class=\"fas fa-calendar-alt\"><\/i><\/span><\/div><\/div><div class=\"timeline-item__meta\"><div class=\"timeline-item__meta-content\">2022<\/div><\/div><\/div><div class=\"jet-timeline-item  elementor-repeater-item-b253254 jet-timeline-item--image-inside\">\n\t<div class=\"timeline-item__card\">\n\t\t<div class=\"timeline-item__card-inner\">\n\t\t\t\t\t\t\t\t<div class=\"timeline-item__card-content\">\n\t\t\t\t\t<div class=\"timeline-item__meta\"><div class=\"timeline-item__meta-content\">2021<\/div><\/div><div class=\"timeline-item__card-desc\">Wein Burgenland Award 3. Platz mit Cuv\u00e9e Canis Reserve 2017<br>\n-<br>\n<b>Falstaff<\/b><br>\n92 Pkt. Cabernet Sauvignon Reserve 2019<br>\n92 Pkt. Merlot Reserve 2019<br>\n92 Pkt. Zweigelt Reserve 2019<br>\n91 Pkt. St. Laurent Reserve 2019<br>\n92 Pkt. Blaufr\u00e4nkisch, Mittelburgenland DAC Reserve 2019<br>\n90 Pkt. Syrah Reserve 2019<br><\/div>\t\t\t\t<\/div>\n\t\t\t\t\t\t<\/div>\n\t\t<div class=\"timeline-item__card-arrow\"><\/div>\n\t<\/div>\n\t<div class=\"timeline-item__point\"><div class=\"timeline-item__point-content timeline-item__point-content--icon\"><span class=\"jet-elements-icon\"><i aria-hidden=\"true\" class=\"fas fa-calendar-alt\"><\/i><\/span><\/div><\/div><div class=\"timeline-item__meta\"><div class=\"timeline-item__meta-content\">2021<\/div><\/div><\/div><div class=\"jet-timeline-item  elementor-repeater-item-244a6b4 jet-timeline-item--image-inside\">\n\t<div class=\"timeline-item__card\">\n\t\t<div class=\"timeline-item__card-inner\">\n\t\t\t\t\t\t\t\t<div class=\"timeline-item__card-content\">\n\t\t\t\t\t<div class=\"timeline-item__meta\"><div class=\"timeline-item__meta-content\">2020<\/div><\/div><div class=\"timeline-item__card-desc\">Zum zweiten Mal pr\u00e4mierte die \u201eDiePresse\u201c Weine mit ausgezeichnetem Preis-Leistungs-Verh\u00e4ltnis. Wir konnten mit unserem Zweigelt Classic 2018 den zweiten Platz erzielen.<br>\n-<br>\n5 Sterne TOP-Wein beim Vinaria Weinguide mit Syrah Reserve 2017<br>\n-<br>\nSALON \u00d6sterreichischer Wein mit Mittelburgenland DAC Hochberg 2017 und Zweigelt Reserve 2017<br>\n-<br>\n<b>Falstaff<\/b><br>\n93 Pkt. Cabernet Sauvignon Reserve 2017<br>\n92 Pkt. Merlot Reserve 2017<br>\n92 Pkt. Zweigelt Reserve 2017<br>\n91 Pkt. Syrah Reserve 2017<br>\n90 Pkt. Zweigelt Traubenteilung 2018<br><\/div>\t\t\t\t<\/div>\n\t\t\t\t\t\t<\/div>\n\t\t<div class=\"timeline-item__card-arrow\"><\/div>\n\t<\/div>\n\t<div class=\"timeline-item__point\"><div class=\"timeline-item__point-content timeline-item__point-content--icon\"><span class=\"jet-elements-icon\"><i aria-hidden=\"true\" class=\"fas fa-calendar-alt\"><\/i><\/span><\/div><\/div><div class=\"timeline-item__meta\"><div class=\"timeline-item__meta-content\">2020<\/div><\/div><\/div><div class=\"jet-timeline-item  elementor-repeater-item-336637c jet-timeline-item--image-inside\">\n\t<div class=\"timeline-item__card\">\n\t\t<div class=\"timeline-item__card-inner\">\n\t\t\t\t\t\t\t\t<div class=\"timeline-item__card-content\">\n\t\t\t\t\t<div class=\"timeline-item__meta\"><div class=\"timeline-item__meta-content\">2019<\/div><\/div><div class=\"timeline-item__card-desc\">4x Gold bei AWC Vienna<br>\n-<br>\n<b>Falstaff<\/b><br>\n93 Pkt. Cabernet Sauvignon Reserve 2016<br>\n93 Pkt. Mittelburgenland DAC Reserve 2016<br>\n92 Pkt. Cuv\u00e9e Canis Reserve 2016<br>\n92 Pkt. Merlot Reserve 2016<br>\n92 Pkt. Zweigelt Reserve 2016<br>\n92 Pkt. Syrah Reserve 2016<br><\/div>\t\t\t\t<\/div>\n\t\t\t\t\t\t<\/div>\n\t\t<div class=\"timeline-item__card-arrow\"><\/div>\n\t<\/div>\n\t<div class=\"timeline-item__point\"><div class=\"timeline-item__point-content timeline-item__point-content--icon\"><span class=\"jet-elements-icon\"><i aria-hidden=\"true\" class=\"fas fa-calendar-alt\"><\/i><\/span><\/div><\/div><div class=\"timeline-item__meta\"><div class=\"timeline-item__meta-content\">2019<\/div><\/div><\/div><div class=\"jet-timeline-item  elementor-repeater-item-b301ba2 jet-timeline-item--image-inside\">\n\t<div class=\"timeline-item__card\">\n\t\t<div class=\"timeline-item__card-inner\">\n\t\t\t\t\t\t\t\t<div class=\"timeline-item__card-content\">\n\t\t\t\t\t<div class=\"timeline-item__meta\"><div class=\"timeline-item__meta-content\">2018<\/div><\/div><div class=\"timeline-item__card-desc\">Bundessieger mit Cuv\u00e9e Canis Reserve 2015<br>\nLandessieger mit Merlot Reserve 2015<br>\n-<br>\n<b>Falstaff<\/b><br>\n93 Pkt. Cabernet Sauvignon Reserve 2015<br>\n92 Pkt. Mittelburgenland DAC Reserve 2015<br>\n93 Pkt. Merlot Reserve 2015<br>\n93 Pkt. Zweigelt Reserve 2015<br>\n93 Pkt. Syrah Reserve 2015<\/div>\t\t\t\t<\/div>\n\t\t\t\t\t\t<\/div>\n\t\t<div class=\"timeline-item__card-arrow\"><\/div>\n\t<\/div>\n\t<div class=\"timeline-item__point\"><div class=\"timeline-item__point-content timeline-item__point-content--icon\"><span class=\"jet-elements-icon\"><i aria-hidden=\"true\" class=\"fas fa-calendar-alt\"><\/i><\/span><\/div><\/div><div class=\"timeline-item__meta\"><div class=\"timeline-item__meta-content\">2018<\/div><\/div><\/div><div class=\"jet-timeline-item  elementor-repeater-item-6577780 jet-timeline-item--image-inside\">\n\t<div class=\"timeline-item__card\">\n\t\t<div class=\"timeline-item__card-inner\">\n\t\t\t\t\t\t\t\t<div class=\"timeline-item__card-content\">\n\t\t\t\t\t<div class=\"timeline-item__meta\"><div class=\"timeline-item__meta-content\">2016<\/div><\/div><div class=\"timeline-item__card-desc\">SALON \u00d6sterreichischer Wein mit Cabernet Sauvignon und Cuv\u00e9e CANIS Reserve 2012<\/div>\t\t\t\t<\/div>\n\t\t\t\t\t\t<\/div>\n\t\t<div class=\"timeline-item__card-arrow\"><\/div>\n\t<\/div>\n\t<div class=\"timeline-item__point\"><div class=\"timeline-item__point-content timeline-item__point-content--icon\"><span class=\"jet-elements-icon\"><i aria-hidden=\"true\" class=\"fas fa-calendar-alt\"><\/i><\/span><\/div><\/div><div class=\"timeline-item__meta\"><div class=\"timeline-item__meta-content\">2016<\/div><\/div><\/div><div class=\"jet-timeline-item  elementor-repeater-item-c4e2186 jet-timeline-item--image-inside\">\n\t<div class=\"timeline-item__card\">\n\t\t<div class=\"timeline-item__card-inner\">\n\t\t\t\t\t\t\t\t<div class=\"timeline-item__card-content\">\n\t\t\t\t\t<div class=\"timeline-item__meta\"><div class=\"timeline-item__meta-content\">2014<\/div><\/div><div class=\"timeline-item__card-desc\">Falstaff Sortensieger mit Zweigelt Reserve 2012<br>\nLandessieger mit Zweigelt Reserve 2012<\/div>\t\t\t\t<\/div>\n\t\t\t\t\t\t<\/div>\n\t\t<div class=\"timeline-item__card-arrow\"><\/div>\n\t<\/div>\n\t<div class=\"timeline-item__point\"><div class=\"timeline-item__point-content timeline-item__point-content--icon\"><span class=\"jet-elements-icon\"><i aria-hidden=\"true\" class=\"fas fa-calendar-alt\"><\/i><\/span><\/div><\/div><div class=\"timeline-item__meta\"><div class=\"timeline-item__meta-content\">2014<\/div><\/div><\/div><div class=\"jet-timeline-item  elementor-repeater-item-a6dafd6 jet-timeline-item--image-inside\">\n\t<div class=\"timeline-item__card\">\n\t\t<div class=\"timeline-item__card-inner\">\n\t\t\t\t\t\t\t\t<div class=\"timeline-item__card-content\">\n\t\t\t\t\t<div class=\"timeline-item__meta\"><div class=\"timeline-item__meta-content\">2013<\/div><\/div><div class=\"timeline-item__card-desc\">Salonsieger mit Mittelburgenland DAC Reserve 2011<\/div>\t\t\t\t<\/div>\n\t\t\t\t\t\t<\/div>\n\t\t<div class=\"timeline-item__card-arrow\"><\/div>\n\t<\/div>\n\t<div class=\"timeline-item__point\"><div class=\"timeline-item__point-content timeline-item__point-content--icon\"><span class=\"jet-elements-icon\"><i aria-hidden=\"true\" class=\"fas fa-calendar-alt\"><\/i><\/span><\/div><\/div><div class=\"timeline-item__meta\"><div class=\"timeline-item__meta-content\">2013<\/div><\/div><\/div><div class=\"jet-timeline-item  elementor-repeater-item-537d39b jet-timeline-item--image-inside\">\n\t<div class=\"timeline-item__card\">\n\t\t<div class=\"timeline-item__card-inner\">\n\t\t\t\t\t\t\t\t<div class=\"timeline-item__card-content\">\n\t\t\t\t\t<div class=\"timeline-item__meta\"><div class=\"timeline-item__meta-content\">2012<\/div><\/div><div class=\"timeline-item__card-desc\">3-facher Landessieger mit Zweigelt, Merlot und Mittelburgenland DAC Reserve 2009<\/div>\t\t\t\t<\/div>\n\t\t\t\t\t\t<\/div>\n\t\t<div class=\"timeline-item__card-arrow\"><\/div>\n\t<\/div>\n\t<div class=\"timeline-item__point\"><div class=\"timeline-item__point-content timeline-item__point-content--icon\"><span class=\"jet-elements-icon\"><i aria-hidden=\"true\" class=\"fas fa-calendar-alt\"><\/i><\/span><\/div><\/div><div class=\"timeline-item__meta\"><div class=\"timeline-item__meta-content\">2012<\/div><\/div><\/div><div class=\"jet-timeline-item  elementor-repeater-item-457c0d3 jet-timeline-item--image-inside\">\n\t<div class=\"timeline-item__card\">\n\t\t<div class=\"timeline-item__card-inner\">\n\t\t\t\t\t\t\t\t<div class=\"timeline-item__card-content\">\n\t\t\t\t\t<div class=\"timeline-item__meta\"><div class=\"timeline-item__meta-content\">2011<\/div><\/div><div class=\"timeline-item__card-desc\">Landessieger mit St. Laurent Reserve 2009<\/div>\t\t\t\t<\/div>\n\t\t\t\t\t\t<\/div>\n\t\t<div class=\"timeline-item__card-arrow\"><\/div>\n\t<\/div>\n\t<div class=\"timeline-item__point\"><div class=\"timeline-item__point-content timeline-item__point-content--icon\"><span class=\"jet-elements-icon\"><i aria-hidden=\"true\" class=\"fas fa-calendar-alt\"><\/i><\/span><\/div><\/div><div class=\"timeline-item__meta\"><div class=\"timeline-item__meta-content\">2011<\/div><\/div><\/div><div class=\"jet-timeline-item  elementor-repeater-item-17aaf72 jet-timeline-item--image-inside\">\n\t<div class=\"timeline-item__card\">\n\t\t<div class=\"timeline-item__card-inner\">\n\t\t\t\t\t\t\t\t<div class=\"timeline-item__card-content\">\n\t\t\t\t\t<div class=\"timeline-item__meta\"><div class=\"timeline-item__meta-content\">2010<\/div><\/div><div class=\"timeline-item__card-desc\">Goldene Traube mit Cabernet Sauvignon 2007<br>\nGrand Cru-Sieger im Magazin A la Carte mit Merlot Reserve 2007<\/div>\t\t\t\t<\/div>\n\t\t\t\t\t\t<\/div>\n\t\t<div class=\"timeline-item__card-arrow\"><\/div>\n\t<\/div>\n\t<div class=\"timeline-item__point\"><div class=\"timeline-item__point-content timeline-item__point-content--icon\"><span class=\"jet-elements-icon\"><i aria-hidden=\"true\" class=\"fas fa-calendar-alt\"><\/i><\/span><\/div><\/div><div class=\"timeline-item__meta\"><div class=\"timeline-item__meta-content\">2010<\/div><\/div><\/div><div class=\"jet-timeline-item  elementor-repeater-item-cbd6cad jet-timeline-item--image-inside\">\n\t<div class=\"timeline-item__card\">\n\t\t<div class=\"timeline-item__card-inner\">\n\t\t\t\t\t\t\t\t<div class=\"timeline-item__card-content\">\n\t\t\t\t\t<div class=\"timeline-item__meta\"><div class=\"timeline-item__meta-content\">2009<\/div><\/div><div class=\"timeline-item__card-desc\">Landessieger mit Mittelburgenland DAC Reserve 2007<\/div>\t\t\t\t<\/div>\n\t\t\t\t\t\t<\/div>\n\t\t<div class=\"timeline-item__card-arrow\"><\/div>\n\t<\/div>\n\t<div class=\"timeline-item__point\"><div class=\"timeline-item__point-content timeline-item__point-content--icon\"><span class=\"jet-elements-icon\"><i aria-hidden=\"true\" class=\"fas fa-calendar-alt\"><\/i><\/span><\/div><\/div><div class=\"timeline-item__meta\"><div class=\"timeline-item__meta-content\">2009<\/div><\/div><\/div><div class=\"jet-timeline-item  elementor-repeater-item-4eccab1 jet-timeline-item--image-inside\">\n\t<div class=\"timeline-item__card\">\n\t\t<div class=\"timeline-item__card-inner\">\n\t\t\t\t\t\t\t\t<div class=\"timeline-item__card-content\">\n\t\t\t\t\t<div class=\"timeline-item__meta\"><div class=\"timeline-item__meta-content\">2008<\/div><\/div><div class=\"timeline-item__card-desc\">Salonsieger mit Mittelburgenland DAC Reserve 2003<\/div>\t\t\t\t<\/div>\n\t\t\t\t\t\t<\/div>\n\t\t<div class=\"timeline-item__card-arrow\"><\/div>\n\t<\/div>\n\t<div class=\"timeline-item__point\"><div class=\"timeline-item__point-content timeline-item__point-content--icon\"><span class=\"jet-elements-icon\"><i aria-hidden=\"true\" class=\"fas fa-calendar-alt\"><\/i><\/span><\/div><\/div><div class=\"timeline-item__meta\"><div class=\"timeline-item__meta-content\">2008<\/div><\/div><\/div><div class=\"jet-timeline-item  elementor-repeater-item-dba1b51 jet-timeline-item--image-inside\">\n\t<div class=\"timeline-item__card\">\n\t\t<div class=\"timeline-item__card-inner\">\n\t\t\t\t\t\t\t\t<div class=\"timeline-item__card-content\">\n\t\t\t\t\t<div class=\"timeline-item__meta\"><div class=\"timeline-item__meta-content\">2007<\/div><\/div><div class=\"timeline-item__card-desc\">Grand Cru-Sieger im Magazin A la Carte mit Cuv\u00e9e Canis 2005<\/div>\t\t\t\t<\/div>\n\t\t\t\t\t\t<\/div>\n\t\t<div class=\"timeline-item__card-arrow\"><\/div>\n\t<\/div>\n\t<div class=\"timeline-item__point\"><div class=\"timeline-item__point-content timeline-item__point-content--icon\"><span class=\"jet-elements-icon\"><i aria-hidden=\"true\" class=\"fas fa-calendar-alt\"><\/i><\/span><\/div><\/div><div class=\"timeline-item__meta\"><div class=\"timeline-item__meta-content\">2007<\/div><\/div><\/div><\/div><\/div><\/div>\t\t\t\t<\/div>\n\t\t\t\t<\/div>\n\t\t\t\t<div class=\"elementor-element elementor-element-1f0552e elementor-widget elementor-widget-spacer\" data-id=\"1f0552e\" data-element_type=\"widget\" data-e-type=\"widget\" data-widget_type=\"spacer.default\">\n\t\t\t\t<div class=\"elementor-widget-container\">\n\t\t\t\t\t\t\t<div class=\"elementor-spacer\">\n\t\t\t<div class=\"elementor-spacer-inner\"><\/div>\n\t\t<\/div>\n\t\t\t\t\t\t<\/div>\n\t\t\t\t<\/div>\n\t\t\t\t\t<\/div>\n\t\t\t\t<\/div>\n\t\t\t\t<\/div>\n\t\t","protected":false},"excerpt":{"rendered":"<p>2024SALON Sieger mit Blaufr\u00e4nkisch DAC Reserve 2020 SALON \u00d6sterreichischer Wein mit Cuv\u00e9e CANIS Reserve 2020 2024 20232. Platz Vaihinger L\u00f6we mit Blaufr\u00e4nkisch DAC Reserve 2019 &#8211; Finalist Burgenl\u00e4ndische Landespr\u00e4mierung mit Syrah Reserve 2020 &#8211; Falstaff Blaufr\u00e4nkisch DAC Reserve 2020: 93 Punkte Syrah Reserve 2020: 93 Punkte Cabernet Sauvignon Reserve 2020: 93 Punkte Merlot Reserve 2020: [&hellip;]<\/p>\n","protected":false},"author":1,"featured_media":370,"parent":0,"menu_order":0,"comment_status":"closed","ping_status":"closed","template":"","meta":{"footnotes":""},"class_list":["post-17","page","type-page","status-publish","has-post-thumbnail","hentry"],"_links":{"self":[{"href":"https:\/\/hundsdorfer.at\/en\/wp-json\/wp\/v2\/pages\/17","targetHints":{"allow":["GET"]}}],"collection":[{"href":"https:\/\/hundsdorfer.at\/en\/wp-json\/wp\/v2\/pages"}],"about":[{"href":"https:\/\/hundsdorfer.at\/en\/wp-json\/wp\/v2\/types\/page"}],"author":[{"embeddable":true,"href":"https:\/\/hundsdorfer.at\/en\/wp-json\/wp\/v2\/users\/1"}],"replies":[{"embeddable":true,"href":"https:\/\/hundsdorfer.at\/en\/wp-json\/wp\/v2\/comments?post=17"}],"version-history":[{"count":10,"href":"https:\/\/hundsdorfer.at\/en\/wp-json\/wp\/v2\/pages\/17\/revisions"}],"predecessor-version":[{"id":2366,"href":"https:\/\/hundsdorfer.at\/en\/wp-json\/wp\/v2\/pages\/17\/revisions\/2366"}],"wp:featuredmedia":[{"embeddable":true,"href":"https:\/\/hundsdorfer.at\/en\/wp-json\/wp\/v2\/media\/370"}],"wp:attachment":[{"href":"https:\/\/hundsdorfer.at\/en\/wp-json\/wp\/v2\/media?parent=17"}],"curies":[{"name":"wp","href":"https:\/\/api.w.org\/{rel}","templated":true}]}}